{"id":431,"date":"2022-07-27T09:07:30","date_gmt":"2022-07-27T09:07:30","guid":{"rendered":"http:\/\/sardinha2020.ipma.pt\/?page_id=431"},"modified":"2023-06-02T15:46:17","modified_gmt":"2023-06-02T15:46:17","slug":"publicacoes","status":"publish","type":"page","link":"https:\/\/sardinha2020.ipma.pt\/en\/publicacoes\/","title":{"rendered":"Publications"},"content":{"rendered":"\n<section class=\"wp-block-group alignfull\" id=\"publicacoes\"><div class=\"wp-block-group__inner-container is-layout-flow wp-block-group-is-layout-flow\">\n<h2 class=\"has-text-align-center wp-block-heading\">Scientific Articles<\/h2>\n\n\n\n<ul class=\"wp-block-list\"><li><a rel=\"noreferrer noopener\" href=\"https:\/\/doi.org\/10.1007\/s00382-021-05962-y\" target=\"_blank\"><\/a><a href=\"https:\/\/doi.org\/10.1111\/fme.12556\"><strong>2022<\/strong> &#8211; Izquierdo, F., Menezes, R., Wise, L., Teles-Machado, A. &amp; Garrido, S. Bayesian spatio-temporal CPUE standardization: Case study of European sardine (Sardina pilchardus) along the western coast of Portugal. Fisheries Management and Ecology, 29, 670\u2013 680.<\/a><\/li><li><a rel=\"noreferrer noopener\" href=\"https:\/\/doi.org\/10.1007\/s00382-021-05962-y\" target=\"_blank\"><\/a><a href=\"https:\/\/doi.org\/10.1016\/j.scitotenv.2021.150167\"><strong>2022<\/strong> &#8211; Lima AR, Baltazar-Soares M, Garrido S, Riveiro I, Carrera P, Piecho-Santos AM, Peck MA, Silva G. Forecasting shifts in habitat suitability across the distribution range of a temperate small pelagic fish under different scenarios of climate change. Science of The Total Environment 804,ISSN 0048-9697.<\/a><\/li><li><a rel=\"noreferrer noopener\" href=\"https:\/\/doi.org\/10.1007\/s00382-021-05962-y\" target=\"_blank\"><\/a><a href=\"https:\/\/doi.org\/10.1016\/j.marpolbul.2022.113594\"><strong>2022<\/strong> &#8211; Szalaj D., A. Silva, P. R\u00e9, H. Cabral. Predictions of sardine and the Portuguese continental shelf ecosystem dynamics under future fishing, forced-biomass and SST scenarios, Marine Pollution Bulletin, 178.<\/a><\/li><li><a rel=\"noreferrer noopener\" href=\"https:\/\/doi.org\/10.1007\/s00382-021-05962-y\" target=\"_blank\"><\/a><a href=\"https:\/\/doi.org\/10.3354\/meps14011\"><strong>2022<\/strong> &#8211; Fonseca P, Silva AD, Ang\u00e9lico MM, Garrido S. Seasonal and spatial variability of Atlanto-Iberian pelagic fish diet with estimates of intraguild predation. Marine Ecology Progress Series, 687, 95-111.<\/a><\/li><li><a rel=\"noreferrer noopener\" href=\"https:\/\/doi.org\/10.1007\/s00382-021-05962-y\" target=\"_blank\"><\/a><a href=\"http:\/\/www.ipma.pt\/export\/sites\/ipma\/bin\/docs\/publicacoes\/ipma\/rct-ipma-sd-37.pdf\"><strong>2022<\/strong> &#8211; Parente J, Feij\u00f3 D, Silva AA. Frota costeira de cerco. Caracteriza\u00e7\u00e3o tecnol\u00f3gica e tipologias de embarca\u00e7\u00f5es. Relat\u00f3rios Cient\u00edficos e T\u00e9cnicos do IPMA, n\u00ba 37, 26pp.<\/a><\/li><li><a rel=\"noreferrer noopener\" href=\"https:\/\/doi.org\/10.1007\/s00382-021-05962-y\" target=\"_blank\"><\/a><a href=\"https:\/\/www.frontiersin.org\/articles\/10.3389\/fmars.2022.956654\"><strong>2022<\/strong> &#8211; Lima ARA, Garrido S, Riveiro I, Rodrigues D, Ang\u00e9lico MM., Gon\u00e7alves P, Emanuel J., Peck MA., Silva G (2022) Seasonal approach to forecast the suitability of spawning habitats of a temperate small pelagic fish under a high-emission climate change scenario. Frontiers in Marine Science, vol 9.<\/a><\/li><li><a rel=\"noreferrer noopener\" href=\"https:\/\/doi.org\/10.1007\/s00382-021-05962-y\" target=\"_blank\"><\/a><a href=\"https:\/\/doi.org\/10.3390\/rs14020423\"><strong>2022<\/strong> &#8211; Biguino B, E Olmedo, A Ferreira, N Zacarias, L Lamas, L Favareto, C Palma, C Borges, A Teles-Machado, J Dias, P Castellanos, A Brito. Evaluation of SMOS L4 Sea Surface Salinity Product in the Western Iberian Coast. Remote Sensing.<\/a><\/li><li><a rel=\"noreferrer noopener\" href=\"https:\/\/doi.org\/10.1007\/s00382-021-05962-y\" target=\"_blank\"><\/a><a href=\"https:\/\/doi.org\/10.3389\/fmars.2022.892201\"><strong>2022<\/strong> &#8211; Simon A, S Plecha, A Russo, A Teles-Machado, MG Donat, PA Auger, RM Trigo. Hot and cold marine extreme events in the Mediterranean over the period 1982-2021. Frontiers in Marine Science.<\/a><\/li><li><a rel=\"noreferrer noopener\" href=\"https:\/\/doi.org\/10.1007\/s00382-021-05962-y\" target=\"_blank\"><\/a><a href=\"https:\/\/doi.org\/10.1007\/s00382-021-05962-y\"><strong>2022<\/strong> &#8211; Carmo-Costa T, R Bilbao, P Ortega, A Teles-Machado, E Dutra. Trends, variability and predictive skill of the ocean heat content in North Atlantic: An analysis with the EC-EARTH3 model. Climate Dynamics.<\/a><\/li><li><a rel=\"noreferrer noopener\" href=\"https:\/\/doi.org\/10.1007\/s00382-021-05962-y\" target=\"_blank\"><\/a><a href=\"https:\/\/doi.org\/10.1002\/aqc.3828\"><strong>2022<\/strong> &#8211; Dias IC, Mar\u00e7alo A, Feij\u00f3 D, Domingos I, Silva AA. Interactions between the common dolphin, Delphinus delphis, and the Portuguese purse seine fishery over a period of 15 years (2003-2018). Aquatic Conservation: Marine and Freshwater Ecosystems, 1\u201314.<\/a><\/li><li><a rel=\"noreferrer noopener\" href=\"https:\/\/doi.org\/10.1007\/s00382-021-05962-y\" target=\"_blank\"><\/a><a href=\"https:\/\/doi.org\/10.3989\/scimar.05296.048\"><strong>2022<\/strong> &#8211; Dom\u00ednguez-Petit R, Navarro MR, Cousido-Rocha M, Tornero J, Ramos F, Jurado-Ruzafa A, Nunes C, Hern\u00e1ndez C, Silva AV, Landa J. Spatial variability of life-history parameters of the Atlantic chub mackerel (Scomber colias), an expanding species in the northeast Atlantic. Scientia Marina 86(4): e048.<\/a><\/li><li><a rel=\"noreferrer noopener\" href=\"https:\/\/doi.org\/10.1007\/s00382-021-05962-y\" target=\"_blank\"><\/a><a href=\"https:\/\/www.ipma.pt\/export\/sites\/ipma\/bin\/docs\/publicacoes\/ipma\/rct-ipma-sd-34.pdf\"><strong>2022<\/strong> &#8211; Dias IC, Feij\u00f3 D, Mar\u00e7alo A, Guerreiro PM, Nogueira M, Bandarra C, Silva A.  Experi\u00eancia piloto para avaliar a sobreviv\u00eancia da cavala (Scomber colias) p\u00f3s-slipping na pesca docerco. Relat\u00f3rios Cient\u00edficos e T\u00e9cnicos do IPMA (http\/\/ipma.pt). n\u00ba34. 49p<\/a><\/li><li><a rel=\"noreferrer noopener\" href=\"https:\/\/doi.org\/10.1007\/s00382-021-05962-y\" target=\"_blank\"><\/a><a rel=\"noreferrer noopener\" href=\"https:\/\/doi.org\/10.1007\/s00382-021-05962-y\" target=\"_blank\"><strong>2021<\/strong> \u2013 Carmo-Costa, T., Bilbao, R., Ortega, P., Teles-Machado, A., Dutra, E. Trends, variability and predictive skill of the ocean heat content in North Atlantic: An analysis with the EC-EARTH3 model. Climate Dynamics<\/a><\/li><li><a rel=\"noreferrer noopener\" href=\"https:\/\/doi.org\/10.1007\/s00382-021-05962-y\" target=\"_blank\"><\/a><a rel=\"noreferrer noopener\" href=\"https:\/\/doi.org\/10.1016\/j.scitotenv.2021.146530\" target=\"_blank\"><strong>2021<\/strong> \u2013 Casaucao, A., Gonz\u00e1lez-Orteg\u00f3n, E., Jim\u00e9nez, M. P., Teles-Machado, A., Plecha, S., Peliz, A. J., Laiz, I. Assessment of the spawning habitat, spatial distribution, and Lagrangian dispersion of the European anchovy (<em>Engraulis Encrasicolus<\/em>) early stages in the Gulf of Cadiz during an apparent anomalous episode in 2016. Science of The Total Environment<\/a><\/li><li><a rel=\"noreferrer noopener\" href=\"https:\/\/doi.org\/10.1007\/s00382-021-05962-y\" target=\"_blank\"><\/a><a rel=\"noreferrer noopener\" href=\"https:\/\/doi.org\/10.1016\/j.pocean.2021.102608\" target=\"_blank\"><strong>2021<\/strong> \u2013 Cabral, H., Drouineau, H., Teles-Machado, A., Pierre, M., Lepage, M., Lobry, J., Reis-Santos, P., Tanner, S. E. Contrasting impacts of climate change on connectivity and larval recruitment to estuarine nursery areas. Progress in Oceanography<\/a><\/li><li><a rel=\"noreferrer noopener\" href=\"https:\/\/doi.org\/10.1007\/s00382-021-05962-y\" target=\"_blank\"><\/a><a rel=\"noreferrer noopener\" href=\"https:\/\/doi.org\/10.1016\/j.fishres.2021.106050\" target=\"_blank\"><strong>2021<\/strong> &#8211; Neves J, Silva A, Moreno A, Ver\u00edssimo A, M\u00farias Santos A &amp; Garrido S &#8211; Population structure of the European sardine <em>Sardina pilchardus<\/em> from Atlantic and Mediterranean waters based on otolith shape analysis. Fisheries Research<\/a><\/li><li><a rel=\"noreferrer noopener\" href=\"https:\/\/doi.org\/10.1007\/s00382-021-05962-y\" target=\"_blank\"><\/a><a rel=\"noreferrer noopener\" href=\"https:\/\/doi.org\/10.3389\/fmars.2021.629130\" target=\"_blank\"><strong>2021<\/strong> &#8211; Szalaj D, Silva A, R\u00e9 P, Cabral H \u2013 \u201cDetecting Regime Shifts in the Portuguese Continental Shelf Ecosystem Within the Last Three Decades\u201d. Front. Mar. Sci.<\/a><\/li><li><a rel=\"noreferrer noopener\" href=\"https:\/\/doi.org\/10.1007\/s00382-021-05962-y\" target=\"_blank\"><\/a><a rel=\"noreferrer noopener\" href=\"https:\/\/doi.org\/10.1016\/j.ecss.2021.107259\" target=\"_blank\"><strong>2021<\/strong> &#8211; Szalaj D, Torres MA, Veiga-Malta T, Ang\u00e9lico MM, Sobrinho-Gon\u00e7alves L, Chaves C, Alcoforado B, Garrido S, R\u00e9 P, Cabral H, Silva A &#8211; \u201c Food-web dynamics in the Portuguese continental shelf ecosystem between 1986 and 2017: Unravelling drivers of sardine decline\u201d. Estuar. Coast. Shelf Sci.<\/a><\/li><li><a rel=\"noreferrer noopener\" href=\"https:\/\/doi.org\/10.1007\/s00382-021-05962-y\" target=\"_blank\"><\/a><a rel=\"noreferrer noopener\" href=\"https:\/\/aslopubs.onlinelibrary.wiley.com\/share\/N6BJ4CX3RN5QMFI8HGX7?target=10.1002\/lol2.10144\" target=\"_blank\"><strong>2020<\/strong> &#8211; Lopes C, Raimundo J, Caetano M &amp; Garrido S &#8211; Microplastic ingestion and diet composition of planktivorous fish. Limnology and Oceanography Letters<\/a><\/li><li><a rel=\"noreferrer noopener\" href=\"https:\/\/doi.org\/10.1007\/s00382-021-05962-y\" target=\"_blank\"><\/a><a rel=\"noreferrer noopener\" href=\"http:\/\/hdl.handle.net\/10451\/45408\" target=\"_blank\"><strong>2019<\/strong> &#8211; Garc\u00eda-Seoane, Marques, Silva &amp; Ang\u00e9lico. 2019. Spatial and temporal variation in pelagic community of the western and southern Iberian Atlantic waters.Estuarine, Coastal and Shelf Science<\/a>.<\/li><\/ul>\n<\/div><\/section>\n\n\n\n<section class=\"wp-block-group alignfull\" id=\"publicacoes\"><div class=\"wp-block-group__inner-container is-layout-flow wp-block-group-is-layout-flow\">\n<h2 class=\"has-text-align-center wp-block-heading\">Academic Theses<\/h2>\n\n\n\n<ul class=\"wp-block-list\"><li><a href=\"https:\/\/repositorio.ul.pt\/handle\/10451\/53722\"><strong>2022<\/strong> \u2013 Daniela Carri\u00e7o \u201cMortalidade de ovos de sardinha e carapau por parasitismo, impacto na sobreviv\u00eancia das fases iniciais de vida e implica\u00e7\u00f5es para a gest\u00e3o destes recursos\u201d, Tese de Mestrado, Universidade de Lisboa, Portugal.<\/a><\/li><li><a href=\"http:\/\/hdl.handle.net\/10451\/51912\"><strong>2021<\/strong> \u2013 Dorota Szalaj \u201cAn ecosystem approach to pelagic fisheries management in\u00a0Portuguese continental waters\u201d, PhD Thesis, University of Lisbon, Portugal.<\/a><\/li><li><a rel=\"noreferrer noopener\" href=\"http:\/\/hdl.handle.net\/10451\/45408\" target=\"_blank\"><strong>2020<\/strong> &#8211; Pedro Fonseca &#8220;Ecologia tr\u00f3fica de pequenos peixes pel\u00e1gicos na Pen\u00ednsula Ib\u00e9rica: Competi\u00e7\u00e3o e preda\u00e7\u00e3o de ovos&#8221;. Master Thesis, University of Lisbon, Portugal<\/a><a rel=\"noreferrer noopener\" href=\"http:\/\/hdl.handle.net\/10451\/41861\" target=\"_blank\">.<\/a><\/li><li><a rel=\"noreferrer noopener\" href=\"http:\/\/hdl.handle.net\/10451\/41861\" target=\"_blank\"><strong>2020<\/strong> &#8211; In\u00eas Caseiro Dias &#8220;Intera\u00e7\u00f5es entre cet\u00e1ceos e a pesca de cerco em Portugal Continental: o que mudou com as altera\u00e7\u00f5es da comunidade de pequenos peixes pel\u00e1gicos&#8221;. Master Thesis, University of Lisbon, Portugal<\/a>.<\/li><\/ul>\n<\/div><\/section>\n\n\n\n<section class=\"wp-block-group alignfull\" id=\"publicacoes\"><div class=\"wp-block-group__inner-container is-layout-flow wp-block-group-is-layout-flow\">\n<h2 class=\"has-text-align-center wp-block-heading\">Reports<\/h2>\n\n\n\n<ul class=\"wp-block-list\"><li><a href=\"http:\/\/hdl.handle.net\/10451\/51912\"><\/a><strong><a href=\"https:\/\/www.ipma.pt\/export\/sites\/ipma\/bin\/docs\/relatorios\/pescas.mar\/Campanha-PNAB-PELAGO22.pdf\"><strong>2022<\/strong> &#8211; <\/a><\/strong><a href=\"https:\/\/www.ipma.pt\/export\/sites\/ipma\/bin\/docs\/relatorios\/pescas.mar\/Campanha-PNAB-PELAGO22.pdf\">Amorim P., Carrera P., Feij\u00f3 D., Mendes H., Silva A.V., Silva D., Moreno A. (2022). Relat\u00f3rio da Campanha \u201cPELAGO &#8211; 2022\u201d S\u00e9rie PNAB\/DCF \u2013 PELAGO (Primavera) \u2013 Ac\u00fastica de Pescas. Relat\u00f3rios de Campanha, 36p.<\/a><\/li><li><strong><a href=\"https:\/\/www.ipma.pt\/export\/sites\/ipma\/bin\/docs\/relatorios\/pescas.mar\/Campanha-PNAB-PELAGO21.pdf\"><strong>2021<\/strong> <\/a><\/strong><a href=\"https:\/\/www.ipma.pt\/export\/sites\/ipma\/bin\/docs\/relatorios\/pescas.mar\/Campanha-PNAB-PELAGO21.pdf\">&#8211; Amorim P, Feij\u00f3 D, Silva D, Silva AV, Moreno A. Relat\u00f3rio da Campanha \u201cPELAGO &#8211; 2021\u201d S\u00e9rie PNAB\/DCF \u2013 PELAGO (Primavera) \u2013 Ac\u00fastica e Pescas. Relat\u00f3rios de Campanha, 38p.<\/a><\/li><li><a href=\"http:\/\/hdl.handle.net\/10451\/51912\"><\/a><strong><a href=\"https:\/\/doi.org\/10.17895\/ices.pub.746\"><strong>2021<\/strong> <\/a><\/strong><a href=\"https:\/\/doi.org\/10.17895\/ices.pub.746\">&#8211; Doray M, Boyra G, Amorim P, Carrera P, Duhamel E, Huret M, Mmarques V, Moreno A, Campanella V, O&#8217;Donnell C, Ramos F, Rodriguez-Climent S, Van Der Kooij J. Joint spring acoustic survey in: Doray, M., Boyra, G., and van der Kooij, J. (Eds.). ICES Survey Protocols \u2013 Manual for acoustic surveys coordinated under ICES Working Group on Acoustic and Egg Surveys for Small Pelagic Fish (WGACEGG). <\/a><\/li><li><a href=\"http:\/\/hdl.handle.net\/10451\/51912\"><\/a><strong><a href=\"https:\/\/www.ipma.pt\/export\/sites\/ipma\/bin\/docs\/relatorios\/pescas.mar\/Campanha-PNAB-PELAGO20.pdf\"><strong>2020<\/strong> <\/a><\/strong><a href=\"https:\/\/www.ipma.pt\/export\/sites\/ipma\/bin\/docs\/relatorios\/pescas.mar\/Campanha-PNAB-PELAGO20.pdf\">&#8211; Amorim P., Ang\u00e9lico MM, Carrera P, Feij\u00f3 D, Henriques E, Oliveira N, Pastor J, Silva D, Moreno A. Relat\u00f3rio da Campanha de Rastreio Ac\u00fastico \u201cPELAGO &#8211; 2020\u201d S\u00e9rie PNAB\/DCF \u2013 PELAGO (Primavera). Relat\u00f3rios de Campanha, 48p.<\/a><\/li><li><a href=\"http:\/\/hdl.handle.net\/10451\/51912\"><strong><strong>2020<\/strong> <\/strong>&#8211; Carrera P., Amorim P., Moreno A., Riveiro I. International survey for the assessment of the strength of the sardine and anchovy recruitment in Atlantic Iberian waters IBERAS0920. survey report. 51pp.<\/a><\/li><li><a href=\"http:\/\/hdl.handle.net\/10451\/51912\"><\/a><strong><a href=\"https:\/\/www.ipma.pt\/export\/sites\/ipma\/bin\/docs\/relatorios\/pescas.mar\/Campanha-PNAB-PELAGO19.pdf\"><strong>2019<\/strong> <\/a><\/strong><a href=\"https:\/\/www.ipma.pt\/export\/sites\/ipma\/bin\/docs\/relatorios\/pescas.mar\/Campanha-PNAB-PELAGO19.pdf\">&#8211; Amorim P, Moreno A, Ang\u00e9lico MM, Silva AV, Henriques E, Marques V. Relat\u00f3rio da Campanha de Rastreio Ac\u00fastico \u201cPELAGO &#8211; 2019\u201d S\u00e9rie PNAB\/DCF \u2013 PELAGO (primavera). Relat\u00f3rios de Campanha, 34p.<\/a><\/li><li><a href=\"http:\/\/hdl.handle.net\/10451\/51912\"><\/a><strong><a href=\"https:\/\/www.ipma.pt\/export\/sites\/ipma\/bin\/docs\/relatorios\/pescas.mar\/IBERAS0919-FINAL.pdf\"><strong>2019<\/strong> <\/a><\/strong><a href=\"https:\/\/www.ipma.pt\/export\/sites\/ipma\/bin\/docs\/relatorios\/pescas.mar\/IBERAS0919-FINAL.pdf\">&#8211; Carrera P, Amorim P, Moreno A, Ang\u00e9lico MM, Conde PD. International survey for the assessment of the strength of the sardine and anchovy recruitment in Atlantic Iberian waters. IBERAS0919. survey report. 43p.<\/a><\/li><li><a href=\"http:\/\/hdl.handle.net\/10451\/51912\"><\/a><strong><a href=\"https:\/\/www.ipma.pt\/export\/sites\/ipma\/bin\/docs\/relatorios\/pescas.mar\/Campanha-PNAB-PELAGO18.pdf\"><strong>2018<\/strong> <\/a><\/strong><a href=\"https:\/\/www.ipma.pt\/export\/sites\/ipma\/bin\/docs\/relatorios\/pescas.mar\/Campanha-PNAB-PELAGO18.pdf\">&#8211; Moreno A, Marques V, Ang\u00e9lico MM, Nunes C, Amorim P, Silva AV, Feij\u00f3 D. Relat\u00f3rio da Campanha de Rastreio Ac\u00fastico \u201cPELAGO &#8211; 2018\u201d S\u00e9rie PNAB\/DCF \u2013 PELAGO (primavera). Relat\u00f3rios de Campanha, 36p.<\/a><\/li><\/ul>\n<\/div><\/section>\n","protected":false},"excerpt":{"rendered":"<p>Scientific Articles 2022 &#8211; Izquierdo, F., Menezes, R., Wise, L., Teles-Machado, A. &amp; Garrido, S. Bayesian spatio-temporal CPUE standardization: Case study of European sardine (Sardina pilchardus) along the western coast of Portugal. Fisheries Management and Ecology, 29, 670\u2013 680. 2022 &#8211; Lima AR, Baltazar-Soares M, Garrido S, Riveiro I, Carrera P, Piecho-Santos AM, Peck MA,&hellip;<\/p>\n","protected":false},"author":1,"featured_media":0,"parent":0,"menu_order":0,"comment_status":"closed","ping_status":"closed","template":"page-templates\/full-width-no-title.php","meta":{"_coblocks_attr":"","_coblocks_dimensions":"","_coblocks_responsive_height":"","_coblocks_accordion_ie_support":"","_monsterinsights_skip_tracking":false,"_monsterinsights_sitenote_active":false,"_monsterinsights_sitenote_note":"","_monsterinsights_sitenote_category":0,"footnotes":""},"class_list":["post-431","page","type-page","status-publish","hentry"],"translation":{"provider":"WPGlobus","version":"3.0.0","language":"en","enabled_languages":["pt","en"],"languages":{"pt":{"title":true,"content":true,"excerpt":false},"en":{"title":true,"content":true,"excerpt":false}}},"_links":{"self":[{"href":"https:\/\/sardinha2020.ipma.pt\/en\/wp-json\/wp\/v2\/pages\/431","targetHints":{"allow":["GET"]}}],"collection":[{"href":"https:\/\/sardinha2020.ipma.pt\/en\/wp-json\/wp\/v2\/pages"}],"about":[{"href":"https:\/\/sardinha2020.ipma.pt\/en\/wp-json\/wp\/v2\/types\/page"}],"author":[{"embeddable":true,"href":"https:\/\/sardinha2020.ipma.pt\/en\/wp-json\/wp\/v2\/users\/1"}],"replies":[{"embeddable":true,"href":"https:\/\/sardinha2020.ipma.pt\/en\/wp-json\/wp\/v2\/comments?post=431"}],"version-history":[{"count":17,"href":"https:\/\/sardinha2020.ipma.pt\/en\/wp-json\/wp\/v2\/pages\/431\/revisions"}],"predecessor-version":[{"id":617,"href":"https:\/\/sardinha2020.ipma.pt\/en\/wp-json\/wp\/v2\/pages\/431\/revisions\/617"}],"wp:attachment":[{"href":"https:\/\/sardinha2020.ipma.pt\/en\/wp-json\/wp\/v2\/media?parent=431"}],"curies":[{"name":"wp","href":"https:\/\/api.w.org\/{rel}","templated":true}]}}