{"id":458,"date":"2022-07-27T13:18:29","date_gmt":"2022-07-27T13:18:29","guid":{"rendered":"http:\/\/sardinha2020.ipma.pt\/?page_id=458"},"modified":"2023-05-27T16:43:02","modified_gmt":"2023-05-27T16:43:02","slug":"noticias","status":"publish","type":"page","link":"https:\/\/sardinha2020.ipma.pt\/en\/noticias\/","title":{"rendered":"News"},"content":{"rendered":"\n<section class=\"wp-block-group alignfull\" id=\"noticias\"><div class=\"wp-block-group__inner-container is-layout-flow wp-block-group-is-layout-flow\">\n<h2 class=\"has-text-align-center wp-block-heading\">News in media<\/h2>\n\n\n\n<ul class=\"wp-block-list\"><li><a href=\"https:\/\/www.ipma.pt\/pt\/media\/noticias\/news.detail.jsp?f=\/pt\/media\/noticias\/arquivo\/2022\/Campanha_iberas_0922.html\"><strong>IPMA<\/strong> 30\/09\/2022: Campanha Iberas<\/a><\/li><li><a href=\"https:\/\/www.rtp.pt\/programa\/tv\/p42597\"><strong>RTP PLAY<\/strong> 11\/07\/2022: Document\u00e1rio: Sardinha Portuguesa &#8211; Uma Riqueza Natural<\/a><\/li><li><a href=\"https:\/\/www.ipma.pt\/pt\/media\/noticias\/news.detail.jsp?f=\/pt\/media\/noticias\/arquivo\/2022\/Campanha_pelago22_2aFase.html\"><strong>IPMA<\/strong> 21\/03\/2022: Campanha Pelago22.<\/a><\/li><li><a href=\"https:\/\/observador.pt\/2021\/12\/31\/projeto-que-avalia-stock-da-sardinha-vai-ser-prolongado\/\"><strong>Observador<\/strong> 31\/12\/2021: Projeto que avalia stock da sardinha vai ser\u00a0prolongado<\/a><\/li><li><a rel=\"noreferrer noopener\" href=\"https:\/\/www.ipma.pt\/pt\/media\/noticias\/news.detail.jsp?f=\/pt\/media\/noticias\/arquivo\/2021\/Campanha_sardinha_slipping.html\" target=\"_blank\"><strong>IPMA<\/strong> 16\/09\/2021: Sobreviv\u00eancia da sardinha ap\u00f3s o slipping na pesca do cerco<\/a><\/li><li><a rel=\"nofollow noopener\" href=\"https:\/\/pongpesca.wordpress.com\/2021\/09\/23\/sobrevivencia-da-sardinha-apos-o-slipping-na-pesca-do-cerco\/\" target=\"_blank\"><strong>Pong-Pesca<\/strong> 16\/09\/2021: Sobreviv\u00eancia da sardinha ap\u00f3s o slipping na pesca do cerco<\/a><\/li><li><a rel=\"noopener\" href=\"https:\/\/greensavers.sapo.pt\/ipma-esta-a-testar-a-sobrevivencia-da-sardinha-no-slipping\/\" target=\"_blank\"><strong>Green Savers<\/strong> 29\/04\/2021: IPMA est\u00e1 a testar a sobreviv\u00eancia da sardinha no Slipping<\/a><\/li><li><a rel=\"noopener\" href=\"https:\/\/www.qualfood.com\/noticias\/item\/2280-ipma-esta-a-testar-a-sobrevivencia-da-sardinha-no-slipping\" target=\"_blank\"><strong>Qualfood <\/strong>30\/04\/2021: IPMA est\u00e1 a testar a sobreviv\u00eancia da sardinha no Slipping<\/a><\/li><li><a rel=\"noreferrer noopener\" href=\"https:\/\/www.ipma.pt\/pt\/media\/noticias\/news.detail.jsp?f=pt\/media\/noticias\/arquivo\/2021\/campanha_slipping_sardinha.html\" target=\"_blank\"><strong>IPMA<\/strong> 29\/04\/2021: Sobreviv\u00eancia da sardinha ap\u00f3s o slipping na pesca do cerco<\/a><\/li><li><a rel=\"noreferrer noopener\" href=\"https:\/\/www.ipma.pt\/pt\/media\/noticias\/news.detail.jsp?f=\/pt\/media\/noticias\/arquivo\/2021\/campanhapelago.html\" target=\"_blank\"><strong>IPMA<\/strong> 02\/03\/2021: Campanha Pelago21<\/a><\/li><li><a rel=\"noopener\" href=\"https:\/\/www.rtp.pt\/noticias\/economia\/juvenis-de-sardinha-em-aguas-ibericas-com-recorde-dos-ultimos-15-anos_n1288628\" target=\"_blank\"><strong>RTP not\u00edcias<\/strong> 11\/01\/2021: Juvenis de sardinha em \u00e1guas ib\u00e9ricas com recorde dos \u00faltimos 15 anos<\/a><\/li><li><a rel=\"noopener\" href=\"https:\/\/www.ipma.pt\/pt\/media\/noticias\/news.detail.jsp?f=\/pt\/media\/noticias\/arquivo\/2020\/campanha_iberas_2020\" target=\"_blank\"><strong>IPMA<\/strong> 19\/11\/2020: Campanha de Investiga\u00e7\u00e3o IBERAS0920<\/a><\/li><li><a rel=\"noopener\" href=\"https:\/\/barlavento.sapo.pt\/algarve\/ipma-e-ccmar-estudam-rejeicao-da-cavala-na-pesca-do-cerco?fbclid=IwAR0CsSLQWS9nehoOoR5PZKPtD7gSx0WcXvOewCQwFJRyBigXcKp8OYSIsjA\" target=\"_blank\"><strong>Barlavento<\/strong> 29\/07\/2020: IPMA e CCMAR estudam rejei\u00e7\u00e3o da cavala na pesca do cerco<\/a><\/li><li><a href=\"https:\/\/www.dnoticias.pt\/2020\/3\/26\/62814-campanha-para-avaliar-stock-da-sardinha-e-biqueirao-termina-hoje\"><strong>DNoticias<\/strong> 26\/03\/2020: Campanha para avaliar \u2018stock\u2019 da sardinha e biqueir\u00e3o termina hoje<\/a><\/li><li><a rel=\"noopener\" href=\"https:\/\/expresso.pt\/sociedade\/2020-03-26-Campanha-para-avaliar-stock-da-sardinha-e-biqueirao-termina-esta-quinta-feira\" target=\"_blank\"><strong>Expresso<\/strong> 26\/03\/2020: Campanha para avaliar &#8216;stock&#8217; da sardinha e biqueir\u00e3o termina esta quinta-feira<\/a><\/li><li><a rel=\"noopener\" href=\"https:\/\/www.sulinformacao.pt\/2020\/03\/campanha-do-ipma-conta-com-apoio-da-pesca-de-cerco-para-avaliar-stock-da-sardinha\/\" target=\"_blank\"><strong>Sul Informa\u00e7\u00e3o<\/strong> 08\/03\/2020: Campanha do IPMA conta com apoio da pesca de cerco para avaliar stock da sardinha<\/a><\/li><li><a rel=\"noopener\" href=\"https:\/\/www.ipma.pt\/pt\/media\/noticias\/news.detail.jsp?f=\/pt\/media\/noticias\/arquivo\/2019\/iberas\" target=\"_blank\"><strong>IPMA<\/strong> 06\/12\/2019: Estima\u00e7\u00e3o ac\u00fastica de juvenis de sardinha na campanha de investiga\u00e7\u00e3o IBERAS1119<\/a><\/li><li><a rel=\"noopener\" href=\"https:\/\/expresso.pt\/sociedade\/2019-06-15-Portugal-e-louco-por-ela.-Um-ensaio-sobre-a-sardinha\" target=\"_blank\"><strong>Expresso <\/strong>15\/06\/2019: Portugal \u00e9 louco por ela. Um ensaio sobre a sardinha<\/a> <\/li><li><a rel=\"noopener\" href=\"https:\/\/agriculturaemar.com\/estudo-do-ipma-sardinha-2020-quer-conhecer-dinamica-da-especie\/\" target=\"_blank\"><strong>Agricultura e Mar <\/strong>05\/02\/2018: Estudo do IPMA Sardinha-2020, quer conhecer din\u00e2mica da esp\u00e9cie<\/a><\/li><li><a rel=\"noopener\" href=\"https:\/\/www.wort.lu\/pt\/portugal\/normas-europeias-portugal-vai-propor-a-espanha-plano-de-ac-o-conjunto-para-a-sardinha-59f4c674c1097cee25b765be\" target=\"_blank\"><strong>Contacto<\/strong> 28\/10\/2017: Portugal vai propor a Espanha plano de a\u00e7\u00e3o conjunto para a sardinha<\/a><\/li><li><a rel=\"noopener\" href=\"https:\/\/www.dn.pt\/lusa\/ipma-tem-projeto-para-determinar-taxas-de-mortalidade-crescimento-e-reproducao-da-sardinha-8870288.html\" target=\"_blank\"><strong>DN<\/strong> 25\/10\/2017: IPMA tem projeto para determinar taxas de mortalidade crescimento e reprodu\u00e7\u00e3o da sardinha<\/a><\/li><\/ul>\n<\/div><\/section>\n","protected":false},"excerpt":{"rendered":"<p>News in media IPMA 30\/09\/2022: Campanha Iberas RTP PLAY 11\/07\/2022: Document\u00e1rio: Sardinha Portuguesa &#8211; Uma Riqueza Natural IPMA 21\/03\/2022: Campanha Pelago22. Observador 31\/12\/2021: Projeto que avalia stock da sardinha vai ser\u00a0prolongado IPMA 16\/09\/2021: Sobreviv\u00eancia da sardinha ap\u00f3s o slipping na pesca do cerco Pong-Pesca 16\/09\/2021: Sobreviv\u00eancia da sardinha ap\u00f3s o slipping na pesca do cerco&hellip;<\/p>\n","protected":false},"author":1,"featured_media":0,"parent":0,"menu_order":0,"comment_status":"closed","ping_status":"closed","template":"page-templates\/full-width-no-title.php","meta":{"_coblocks_attr":"","_coblocks_dimensions":"","_coblocks_responsive_height":"","_coblocks_accordion_ie_support":"","_monsterinsights_skip_tracking":false,"_monsterinsights_sitenote_active":false,"_monsterinsights_sitenote_note":"","_monsterinsights_sitenote_category":0,"footnotes":""},"class_list":["post-458","page","type-page","status-publish","hentry"],"translation":{"provider":"WPGlobus","version":"3.0.0","language":"en","enabled_languages":["pt","en"],"languages":{"pt":{"title":true,"content":true,"excerpt":false},"en":{"title":true,"content":true,"excerpt":false}}},"_links":{"self":[{"href":"https:\/\/sardinha2020.ipma.pt\/en\/wp-json\/wp\/v2\/pages\/458","targetHints":{"allow":["GET"]}}],"collection":[{"href":"https:\/\/sardinha2020.ipma.pt\/en\/wp-json\/wp\/v2\/pages"}],"about":[{"href":"https:\/\/sardinha2020.ipma.pt\/en\/wp-json\/wp\/v2\/types\/page"}],"author":[{"embeddable":true,"href":"https:\/\/sardinha2020.ipma.pt\/en\/wp-json\/wp\/v2\/users\/1"}],"replies":[{"embeddable":true,"href":"https:\/\/sardinha2020.ipma.pt\/en\/wp-json\/wp\/v2\/comments?post=458"}],"version-history":[{"count":11,"href":"https:\/\/sardinha2020.ipma.pt\/en\/wp-json\/wp\/v2\/pages\/458\/revisions"}],"predecessor-version":[{"id":610,"href":"https:\/\/sardinha2020.ipma.pt\/en\/wp-json\/wp\/v2\/pages\/458\/revisions\/610"}],"wp:attachment":[{"href":"https:\/\/sardinha2020.ipma.pt\/en\/wp-json\/wp\/v2\/media?parent=458"}],"curies":[{"name":"wp","href":"https:\/\/api.w.org\/{rel}","templated":true}]}}